{"id":23871,"date":"2023-11-27T11:18:47","date_gmt":"2023-11-27T19:18:47","guid":{"rendered":"https:\/\/www.anyload.com\/?page_id=23871"},"modified":"2023-12-21T15:23:29","modified_gmt":"2023-12-21T23:23:29","slug":"ingress-protection-ratings-guide","status":"publish","type":"page","link":"https:\/\/www.anyload.com\/es\/ingress-protection-ratings-guide\/","title":{"rendered":"Gu\u00eda de clasificaci\u00f3n de protecci\u00f3n contra la penetraci\u00f3n (IP)"},"content":{"rendered":"<div data-elementor-type=\"wp-page\" data-elementor-id=\"23871\" class=\"elementor elementor-23871\" data-elementor-post-type=\"page\">\n\t\t\t\t\t\t<section class=\"elementor-section elementor-top-section elementor-element elementor-element-195413d6 elementor-section-boxed elementor-section-height-default elementor-section-height-default\" data-id=\"195413d6\" data-element_type=\"section\" data-e-type=\"section\">\n\t\t\t\t\t\t<div class=\"elementor-container elementor-column-gap-default\">\n\t\t\t\t\t<div class=\"elementor-column elementor-col-100 elementor-top-column elementor-element elementor-element-7f884a70\" data-id=\"7f884a70\" data-element_type=\"column\" data-e-type=\"column\">\n\t\t\t<div class=\"elementor-widget-wrap elementor-element-populated\">\n\t\t\t\t\t\t<div class=\"elementor-element elementor-element-6db97751 elementor-widget__width-initial elementor-widget elementor-widget-text-editor\" data-id=\"6db97751\" data-element_type=\"widget\" data-e-type=\"widget\" data-widget_type=\"text-editor.default\">\n\t\t\t\t<div class=\"elementor-widget-container\">\n\t\t\t\t\t\t\t\t\t<p>Electric and electronic equipment deteriorate or malfunction when water or dust enters the device(!)<\/p><p>The IEC has developed the ingress protection (IP) ratings, which grade the resistance of an enclosure against the intrusion of dust or liquids. The ratings are widely used throughout industry.<\/p><p><strong>T<\/strong><b>he IP Code Is Composed of Two Numerals:<\/b><\/p><p>The first numeral refers to the protection against solid objects and is rated on a scale from o (no protection) to 6 (no ingress of dust).<\/p><p>The second numeral rates the enclosure&#8217;s protection against liquids and uses a scale from o (no protection) to 9 (high-pressure hot water from different angles).<\/p>\t\t\t\t\t\t\t\t<\/div>\n\t\t\t\t<\/div>\n\t\t\t\t<div class=\"elementor-element elementor-element-04cabb8 elementor-widget elementor-widget-image\" data-id=\"04cabb8\" data-element_type=\"widget\" data-e-type=\"widget\" data-widget_type=\"image.default\">\n\t\t\t\t<div class=\"elementor-widget-container\">\n\t\t\t\t\t\t\t\t\t\t\t\t\t\t\t\t<a href=\"https:\/\/www.anyload.com\/wp-content\/uploads\/2023\/11\/Ingress-protectinIP-Ratings-Guide.png\" data-elementor-open-lightbox=\"yes\" data-elementor-lightbox-title=\"Ingress protectin(IP) Ratings Guide\" data-e-action-hash=\"#elementor-action%3Aaction%3Dlightbox%26settings%3DeyJpZCI6MjM4NzMsInVybCI6Imh0dHBzOlwvXC93d3cuYW55bG9hZC5jb21cL3dwLWNvbnRlbnRcL3VwbG9hZHNcLzIwMjNcLzExXC9JbmdyZXNzLXByb3RlY3RpbklQLVJhdGluZ3MtR3VpZGUucG5nIn0%3D\">\n\t\t\t\t\t\t\t<img fetchpriority=\"high\" decoding=\"async\" width=\"1024\" height=\"608\" src=\"https:\/\/www.anyload.com\/wp-content\/uploads\/2023\/11\/Ingress-protectinIP-Ratings-Guide-1024x608.png\" class=\"attachment-large size-large wp-image-23873\" alt=\"\" srcset=\"https:\/\/www.anyload.com\/wp-content\/uploads\/2023\/11\/Ingress-protectinIP-Ratings-Guide-1024x608.png 1024w, https:\/\/www.anyload.com\/wp-content\/uploads\/2023\/11\/Ingress-protectinIP-Ratings-Guide-450x267.png 450w, https:\/\/www.anyload.com\/wp-content\/uploads\/2023\/11\/Ingress-protectinIP-Ratings-Guide-768x456.png 768w, https:\/\/www.anyload.com\/wp-content\/uploads\/2023\/11\/Ingress-protectinIP-Ratings-Guide-500x297.png 500w, https:\/\/www.anyload.com\/wp-content\/uploads\/2023\/11\/Ingress-protectinIP-Ratings-Guide.png 1323w\" sizes=\"(max-width: 1024px) 100vw, 1024px\" \/>\t\t\t\t\t\t\t\t<\/a>\n\t\t\t\t\t\t\t\t\t\t\t\t\t\t\t<\/div>\n\t\t\t\t<\/div>\n\t\t\t\t<div class=\"elementor-element elementor-element-19268e8 elementor-widget elementor-widget-html\" data-id=\"19268e8\" data-element_type=\"widget\" data-e-type=\"widget\" data-widget_type=\"html.default\">\n\t\t\t\t<div class=\"elementor-widget-container\">\n\t\t\t\t\tFor more information please visit <a style=\"color: blue;\" href=\"http:\/\/www.iec.ch\/ip-ratings\">IEC IP Ratings<\/a>\t\t\t\t<\/div>\n\t\t\t\t<\/div>\n\t\t\t\t\t<\/div>\n\t\t<\/div>\n\t\t\t\t\t<\/div>\n\t\t<\/section>\n\t\t\t\t<\/div>","protected":false},"excerpt":{"rendered":"<p>Electric and electronic equipment deteriorate or malfunction when water or dust enters the device(!) The IEC has developed the ingress [&hellip;]<\/p>","protected":false},"author":4,"featured_media":0,"parent":0,"menu_order":0,"comment_status":"closed","ping_status":"closed","template":"","meta":{"_acf_changed":false,"site-sidebar-layout":"left-sidebar","site-content-layout":"","ast-site-content-layout":"default","site-content-style":"default","site-sidebar-style":"default","ast-global-header-display":"","ast-banner-title-visibility":"","ast-main-header-display":"","ast-hfb-above-header-display":"","ast-hfb-below-header-display":"","ast-hfb-mobile-header-display":"","site-post-title":"","ast-breadcrumbs-content":"","ast-featured-img":"","footer-sml-layout":"","ast-disable-related-posts":"","theme-transparent-header-meta":"","adv-header-id-meta":"","stick-header-meta":"","header-above-stick-meta":"","header-main-stick-meta":"","header-below-stick-meta":"","astra-migrate-meta-layouts":"default","ast-page-background-enabled":"default","ast-page-background-meta":{"desktop":{"background-color":"var(--ast-global-color-4)","background-image":"","background-repeat":"repeat","background-position":"center center","background-size":"auto","background-attachment":"scroll","background-type":"","background-media":"","overlay-type":"","overlay-color":"","overlay-opacity":"","overlay-gradient":""},"tablet":{"background-color":"","background-image":"","background-repeat":"repeat","background-position":"center center","background-size":"auto","background-attachment":"scroll","background-type":"","background-media":"","overlay-type":"","overlay-color":"","overlay-opacity":"","overlay-gradient":""},"mobile":{"background-color":"","background-image":"","background-repeat":"repeat","background-position":"center center","background-size":"auto","background-attachment":"scroll","background-type":"","background-media":"","overlay-type":"","overlay-color":"","overlay-opacity":"","overlay-gradient":""}},"ast-content-background-meta":{"desktop":{"background-color":"var(--ast-global-color-5)","background-image":"","background-repeat":"repeat","background-position":"center center","background-size":"auto","background-attachment":"scroll","background-type":"","background-media":"","overlay-type":"","overlay-color":"","overlay-opacity":"","overlay-gradient":""},"tablet":{"background-color":"var(--ast-global-color-5)","background-image":"","background-repeat":"repeat","background-position":"center center","background-size":"auto","background-attachment":"scroll","background-type":"","background-media":"","overlay-type":"","overlay-color":"","overlay-opacity":"","overlay-gradient":""},"mobile":{"background-color":"var(--ast-global-color-5)","background-image":"","background-repeat":"repeat","background-position":"center center","background-size":"auto","background-attachment":"scroll","background-type":"","background-media":"","overlay-type":"","overlay-color":"","overlay-opacity":"","overlay-gradient":""}},"footnotes":""},"class_list":["post-23871","page","type-page","status-publish","hentry"],"acf":[],"_links":{"self":[{"href":"https:\/\/www.anyload.com\/es\/wp-json\/wp\/v2\/pages\/23871","targetHints":{"allow":["GET"]}}],"collection":[{"href":"https:\/\/www.anyload.com\/es\/wp-json\/wp\/v2\/pages"}],"about":[{"href":"https:\/\/www.anyload.com\/es\/wp-json\/wp\/v2\/types\/page"}],"author":[{"embeddable":true,"href":"https:\/\/www.anyload.com\/es\/wp-json\/wp\/v2\/users\/4"}],"replies":[{"embeddable":true,"href":"https:\/\/www.anyload.com\/es\/wp-json\/wp\/v2\/comments?post=23871"}],"version-history":[{"count":0,"href":"https:\/\/www.anyload.com\/es\/wp-json\/wp\/v2\/pages\/23871\/revisions"}],"wp:attachment":[{"href":"https:\/\/www.anyload.com\/es\/wp-json\/wp\/v2\/media?parent=23871"}],"curies":[{"name":"wp","href":"https:\/\/api.w.org\/{rel}","templated":true}]}}