{"id":20629,"date":"2023-02-09T14:36:47","date_gmt":"2023-02-09T22:36:47","guid":{"rendered":"https:\/\/www.anyload.com\/?page_id=20629"},"modified":"2025-03-06T10:24:23","modified_gmt":"2025-03-06T18:24:23","slug":"labour-standards","status":"publish","type":"page","link":"https:\/\/www.anyload.com\/es\/labour-standards\/","title":{"rendered":"Normas laborales"},"content":{"rendered":"<div data-elementor-type=\"wp-page\" data-elementor-id=\"20629\" class=\"elementor elementor-20629\" data-elementor-post-type=\"page\">\n\t\t\t\t\t\t<section class=\"elementor-section elementor-top-section elementor-element elementor-element-25bd5459 elementor-section-boxed elementor-section-height-default elementor-section-height-default\" data-id=\"25bd5459\" data-element_type=\"section\" data-e-type=\"section\">\n\t\t\t\t\t\t<div class=\"elementor-container elementor-column-gap-default\">\n\t\t\t\t\t<div class=\"elementor-column elementor-col-100 elementor-top-column elementor-element elementor-element-2d184a75\" data-id=\"2d184a75\" data-element_type=\"column\" data-e-type=\"column\">\n\t\t\t<div class=\"elementor-widget-wrap elementor-element-populated\">\n\t\t\t\t\t\t<div class=\"elementor-element elementor-element-372872d elementor-widget elementor-widget-image\" data-id=\"372872d\" data-element_type=\"widget\" data-e-type=\"widget\" data-widget_type=\"image.default\">\n\t\t\t\t<div class=\"elementor-widget-container\">\n\t\t\t\t\t\t\t\t\t\t\t\t\t\t\t<img fetchpriority=\"high\" decoding=\"async\" width=\"1024\" height=\"444\" src=\"https:\/\/www.anyload.com\/wp-content\/uploads\/2023\/12\/industrial-engineer-programming-machine-control-panel-scaled-e1728408019606-1024x444.jpg\" class=\"attachment-large size-large wp-image-24556\" alt=\"\" srcset=\"https:\/\/www.anyload.com\/wp-content\/uploads\/2023\/12\/industrial-engineer-programming-machine-control-panel-scaled-e1728408019606-1024x444.jpg 1024w, https:\/\/www.anyload.com\/wp-content\/uploads\/2023\/12\/industrial-engineer-programming-machine-control-panel-scaled-e1728408019606-500x217.jpg 500w, https:\/\/www.anyload.com\/wp-content\/uploads\/2023\/12\/industrial-engineer-programming-machine-control-panel-scaled-e1728408019606-450x195.jpg 450w, https:\/\/www.anyload.com\/wp-content\/uploads\/2023\/12\/industrial-engineer-programming-machine-control-panel-scaled-e1728408019606-768x333.jpg 768w, https:\/\/www.anyload.com\/wp-content\/uploads\/2023\/12\/industrial-engineer-programming-machine-control-panel-scaled-e1728408019606-1536x665.jpg 1536w, https:\/\/www.anyload.com\/wp-content\/uploads\/2023\/12\/industrial-engineer-programming-machine-control-panel-scaled-e1728408019606-2048x887.jpg 2048w\" sizes=\"(max-width: 1024px) 100vw, 1024px\" \/>\t\t\t\t\t\t\t\t\t\t\t\t\t\t\t<\/div>\n\t\t\t\t<\/div>\n\t\t\t\t<div class=\"elementor-element elementor-element-51d1a45 elementor-widget elementor-widget-text-editor\" data-id=\"51d1a45\" data-element_type=\"widget\" data-e-type=\"widget\" data-widget_type=\"text-editor.default\">\n\t\t\t\t<div class=\"elementor-widget-container\">\n\t\t\t\t\t\t\t\t\t<p><span data-teams=\"true\">En ANYLOAD, hacemos m\u00e1s que crear c\u00e9lulas de carga y sistemas de pesaje de alta calidad: los construimos de forma responsable. Nuestras pr\u00e1cticas laborales \u00e9ticas son parte integral de nuestra identidad, respaldadas por el cumplimiento de las normas ISO 9001:2015 e ISO 45001:2018. Estas certificaciones destacan no solo nuestro compromiso con la calidad y la seguridad, sino tambi\u00e9n nuestro enfoque inquebrantable en fomentar un entorno respetuoso y solidario para cada empleado<\/span>. Para obtener informaci\u00f3n espec\u00edfica sobre el cumplimiento, <span style=\"text-decoration: underline; color: #3366ff;\"> <a style=\"color: #3366ff; text-decoration: underline;\" href=\"https:\/\/www.anyload.com\/es\/contact\/\"> haga clic aqu\u00ed para ponerse en contacto con nosotros.<\/a><\/span><\/p>\t\t\t\t\t\t\t\t<\/div>\n\t\t\t\t<\/div>\n\t\t\t\t<div class=\"elementor-element elementor-element-ba075ab elementor-widget elementor-widget-heading\" data-id=\"ba075ab\" data-element_type=\"widget\" data-e-type=\"widget\" data-widget_type=\"heading.default\">\n\t\t\t\t<div class=\"elementor-widget-container\">\n\t\t\t\t\t<h2 class=\"elementor-heading-title elementor-size-default\">Empleados contentos, productos de calidad<\/h2>\t\t\t\t<\/div>\n\t\t\t\t<\/div>\n\t\t\t\t<div class=\"elementor-element elementor-element-349e909 elementor-widget elementor-widget-text-editor\" data-id=\"349e909\" data-element_type=\"widget\" data-e-type=\"widget\" data-widget_type=\"text-editor.default\">\n\t\t\t\t<div class=\"elementor-widget-container\">\n\t\t\t\t\t\t\t\t\t<p>Creemos que una plantilla leal y bien respaldada se traduce directamente en productos de m\u00e1xima calidad. Al ofrecer salarios competitivos, prestaciones completas y oportunidades de desarrollo profesional, cultivamos un alto grado de satisfacci\u00f3n y mantenemos unos \u00edndices de rotaci\u00f3n muy bajos. Nuestro personal de l\u00ednea de producci\u00f3n tiene una media de m\u00e1s de cinco a\u00f1os de experiencia, mientras que nuestros directores de departamento suelen aportar m\u00e1s de diez a\u00f1os de experiencia en la empresa. Esta profunda reserva de conocimientos y experiencia garantiza una excelencia constante en la fabricaci\u00f3n, en consonancia con nuestra promesa de ofrecer productos sin concesiones.<\/p>\t\t\t\t\t\t\t\t<\/div>\n\t\t\t\t<\/div>\n\t\t<div class=\"elementor-element elementor-element-4b38473 e-grid e-con-boxed e-con e-child\" data-id=\"4b38473\" data-element_type=\"container\" data-e-type=\"container\">\n\t\t\t\t\t<div class=\"e-con-inner\">\n\t\t<div class=\"elementor-element elementor-element-6014789 e-flex e-con-boxed e-con e-child\" data-id=\"6014789\" data-element_type=\"container\" data-e-type=\"container\">\n\t\t\t\t\t<div class=\"e-con-inner\">\n\t\t\t\t<div class=\"elementor-element elementor-element-a043d31 elementor-widget elementor-widget-text-editor\" data-id=\"a043d31\" data-element_type=\"widget\" data-e-type=\"widget\" data-widget_type=\"text-editor.default\">\n\t\t\t\t<div class=\"elementor-widget-container\">\n\t\t\t\t\t\t\t\t\t<p style=\"text-align: center;\">M\u00e1s de 5 a\u00f1os<\/p>\t\t\t\t\t\t\t\t<\/div>\n\t\t\t\t<\/div>\n\t\t\t\t<div class=\"elementor-element elementor-element-9b5db2a elementor-widget elementor-widget-text-editor\" data-id=\"9b5db2a\" data-element_type=\"widget\" data-e-type=\"widget\" data-widget_type=\"text-editor.default\">\n\t\t\t\t<div class=\"elementor-widget-container\">\n\t\t\t\t\t\t\t\t\t<p style=\"text-align: center;\"><span data-teams=\"true\">Experiencia media de los trabajadores de la l\u00ednea de producci\u00f3n en ANYLOAD<\/span><\/p>\t\t\t\t\t\t\t\t<\/div>\n\t\t\t\t<\/div>\n\t\t\t\t\t<\/div>\n\t\t\t\t<\/div>\n\t\t<div class=\"elementor-element elementor-element-8a55a3d e-flex e-con-boxed e-con e-child\" data-id=\"8a55a3d\" data-element_type=\"container\" data-e-type=\"container\">\n\t\t\t\t\t<div class=\"e-con-inner\">\n\t\t\t\t<div class=\"elementor-element elementor-element-cf396dd elementor-widget elementor-widget-text-editor\" data-id=\"cf396dd\" data-element_type=\"widget\" data-e-type=\"widget\" data-widget_type=\"text-editor.default\">\n\t\t\t\t<div class=\"elementor-widget-container\">\n\t\t\t\t\t\t\t\t\t<p style=\"text-align: center;\">M\u00e1s de 10 a\u00f1os<\/p>\t\t\t\t\t\t\t\t<\/div>\n\t\t\t\t<\/div>\n\t\t\t\t<div class=\"elementor-element elementor-element-0ee4997 elementor-widget elementor-widget-text-editor\" data-id=\"0ee4997\" data-element_type=\"widget\" data-e-type=\"widget\" data-widget_type=\"text-editor.default\">\n\t\t\t\t<div class=\"elementor-widget-container\">\n\t\t\t\t\t\t\t\t\t<p style=\"text-align: center;\">Experiencia media como Director de Departamento en ANYLOAD<\/p>\t\t\t\t\t\t\t\t<\/div>\n\t\t\t\t<\/div>\n\t\t\t\t\t<\/div>\n\t\t\t\t<\/div>\n\t\t<div class=\"elementor-element elementor-element-6801b43 e-flex e-con-boxed e-con e-child\" data-id=\"6801b43\" data-element_type=\"container\" data-e-type=\"container\">\n\t\t\t\t\t<div class=\"e-con-inner\">\n\t\t\t\t<div class=\"elementor-element elementor-element-7852a7b elementor-widget elementor-widget-text-editor\" data-id=\"7852a7b\" data-element_type=\"widget\" data-e-type=\"widget\" data-widget_type=\"text-editor.default\">\n\t\t\t\t<div class=\"elementor-widget-container\">\n\t\t\t\t\t\t\t\t\t<p style=\"text-align: center;\">0 Contratistas<\/p>\t\t\t\t\t\t\t\t<\/div>\n\t\t\t\t<\/div>\n\t\t\t\t<div class=\"elementor-element elementor-element-fd3afaf elementor-widget elementor-widget-text-editor\" data-id=\"fd3afaf\" data-element_type=\"widget\" data-e-type=\"widget\" data-widget_type=\"text-editor.default\">\n\t\t\t\t<div class=\"elementor-widget-container\">\n\t\t\t\t\t\t\t\t\t<p style=\"text-align: center;\">L\u00ednea de producci\u00f3n con dotaci\u00f3n completa de personal sin recurrir a contratistas<\/p>\t\t\t\t\t\t\t\t<\/div>\n\t\t\t\t<\/div>\n\t\t\t\t\t<\/div>\n\t\t\t\t<\/div>\n\t\t\t\t\t<\/div>\n\t\t\t\t<\/div>\n\t\t\t\t\t<\/div>\n\t\t<\/div>\n\t\t\t\t\t<\/div>\n\t\t<\/section>\n\t\t<div class=\"elementor-element elementor-element-0da72d2 e-flex e-con-boxed e-con e-parent\" data-id=\"0da72d2\" data-element_type=\"container\" data-e-type=\"container\">\n\t\t\t\t\t<div class=\"e-con-inner\">\n\t\t\t\t<div class=\"elementor-element elementor-element-6181245 elementor-widget elementor-widget-heading\" data-id=\"6181245\" data-element_type=\"widget\" data-e-type=\"widget\" data-widget_type=\"heading.default\">\n\t\t\t\t<div class=\"elementor-widget-container\">\n\t\t\t\t\t<h2 class=\"elementor-heading-title elementor-size-default\">Seguridad de los trabajadores<\/h2>\t\t\t\t<\/div>\n\t\t\t\t<\/div>\n\t\t\t\t<div class=\"elementor-element elementor-element-b30b21f elementor-widget elementor-widget-text-editor\" data-id=\"b30b21f\" data-element_type=\"widget\" data-e-type=\"widget\" data-widget_type=\"text-editor.default\">\n\t\t\t\t<div class=\"elementor-widget-container\">\n\t\t\t\t\t\t\t\t\t<p><span data-teams=\"true\">La formaci\u00f3n peri\u00f3dica en seguridad es fundamental para nuestras operaciones. Realizamos sesiones frecuentes y exhaustivas para mantener a todos los miembros del equipo al d\u00eda de los \u00faltimos protocolos y requisitos normativos. Cumplimos todas las normas de auditor\u00eda gubernamentales y externas y abordamos cualquier hallazgo con prontitud. Al proteger a nuestros empleados, protegemos nuestros productos, reforzando la fiabilidad en todos los niveles de producci\u00f3n.<\/span><\/p>\t\t\t\t\t\t\t\t<\/div>\n\t\t\t\t<\/div>\n\t\t\t\t\t<\/div>\n\t\t\t\t<\/div>\n\t\t<div class=\"elementor-element elementor-element-893a7ae e-grid e-con-boxed e-con e-parent\" data-id=\"893a7ae\" data-element_type=\"container\" data-e-type=\"container\">\n\t\t\t\t\t<div class=\"e-con-inner\">\n\t\t\t\t<div class=\"elementor-element elementor-element-4597f24 elementor-widget elementor-widget-heading\" data-id=\"4597f24\" data-element_type=\"widget\" data-e-type=\"widget\" data-widget_type=\"heading.default\">\n\t\t\t\t<div class=\"elementor-widget-container\">\n\t\t\t\t\t<h2 class=\"elementor-heading-title elementor-size-default\">Integridad de la mano de obra<\/h2>\t\t\t\t<\/div>\n\t\t\t\t<\/div>\n\t\t\t\t<div class=\"elementor-element elementor-element-693edc7 elementor-widget elementor-widget-heading\" data-id=\"693edc7\" data-element_type=\"widget\" data-e-type=\"widget\" data-widget_type=\"heading.default\">\n\t\t\t\t<div class=\"elementor-widget-container\">\n\t\t\t\t\t<h2 class=\"elementor-heading-title elementor-size-default\">Validaci\u00f3n por terceros<\/h2>\t\t\t\t<\/div>\n\t\t\t\t<\/div>\n\t\t\t\t<div class=\"elementor-element elementor-element-155661b elementor-widget elementor-widget-text-editor\" data-id=\"155661b\" data-element_type=\"widget\" data-e-type=\"widget\" data-widget_type=\"text-editor.default\">\n\t\t\t\t<div class=\"elementor-widget-container\">\n\t\t\t\t\t\t\t\t\t<p>Empleamos estrictamente mano de obra local directa, evitando el uso de trabajadores inmigrantes o subcontratistas externos. Este enfoque permite una supervisi\u00f3n completa de nuestras pr\u00e1cticas laborales y fomenta un fuerte sentido de comunidad dentro de nuestro equipo. Prohibimos cualquier forma de trabajo forzado o en prisi\u00f3n, y aplicamos pol\u00edticas transparentes que superan las normas internacionales. Nuestra elevada tasa de retenci\u00f3n pone de manifiesto la lealtad de nuestro equipo y el ambiente acogedor que hemos creado.<\/p>\t\t\t\t\t\t\t\t<\/div>\n\t\t\t\t<\/div>\n\t\t\t\t<div class=\"elementor-element elementor-element-9ad0ca3 elementor-widget elementor-widget-text-editor\" data-id=\"9ad0ca3\" data-element_type=\"widget\" data-e-type=\"widget\" data-widget_type=\"text-editor.default\">\n\t\t\t\t<div class=\"elementor-widget-container\">\n\t\t\t\t\t\t\t\t\t<p>Nuestras certificaciones ISO 45001 e ISO 9001 son auditadas anualmente por organismos de acreditaci\u00f3n independientes, lo que garantiza que cumplimos o superamos sistem\u00e1ticamente las normas mundiales de salud laboral, seguridad y gesti\u00f3n de la calidad. Muchos de nuestros clientes tambi\u00e9n llevan a cabo sus propias auditor\u00edas de proveedores, examinando desde la trazabilidad de la cadena de suministro hasta la integridad de la mano de obra. Estas validaciones externas confirman nuestro compromiso con unas operaciones \u00e9ticas y responsables en todas las fases de producci\u00f3n.<\/p>\t\t\t\t\t\t\t\t<\/div>\n\t\t\t\t<\/div>\n\t\t\t\t\t<\/div>\n\t\t\t\t<\/div>\n\t\t<div class=\"elementor-element elementor-element-02f1b1e e-flex e-con-boxed e-con e-parent\" data-id=\"02f1b1e\" data-element_type=\"container\" data-e-type=\"container\">\n\t\t\t\t\t<div class=\"e-con-inner\">\n\t\t\t\t<div class=\"elementor-element elementor-element-c2708b0 elementor-widget elementor-widget-heading\" data-id=\"c2708b0\" data-element_type=\"widget\" data-e-type=\"widget\" data-widget_type=\"heading.default\">\n\t\t\t\t<div class=\"elementor-widget-container\">\n\t\t\t\t\t<h2 class=\"elementor-heading-title elementor-size-default\">Valores de gesti\u00f3n laboral<\/h2>\t\t\t\t<\/div>\n\t\t\t\t<\/div>\n\t\t\t\t<div class=\"elementor-element elementor-element-8b4a3e9 elementor-widget elementor-widget-text-editor\" data-id=\"8b4a3e9\" data-element_type=\"widget\" data-e-type=\"widget\" data-widget_type=\"text-editor.default\">\n\t\t\t\t<div class=\"elementor-widget-container\">\n\t\t\t\t\t\t\t\t\t<p>Nuestras normas laborales van m\u00e1s all\u00e1 de los requisitos legales; encarnan nuestro compromiso con la fabricaci\u00f3n \u00e9tica. Reconocemos la confianza que nuestros clientes depositan en nosotros, no s\u00f3lo por la calidad de nuestros productos, sino tambi\u00e9n por la integridad de nuestros procesos. Al invertir en nuestro personal, mantenemos una plantilla dedicada a la innovaci\u00f3n y la artesan\u00eda, lo que nos permite ofrecer c\u00e9lulas de carga y sistemas de pesaje fiables sin concesiones.<\/p><p>Si desea m\u00e1s informaci\u00f3n sobre nuestras normas laborales o saber c\u00f3mo benefician a nuestros clientes nuestras certificaciones ISO 45001 e ISO 9001, le rogamos se dirija a <span style=\"color: #3366ff;\"><a style=\"color: #3366ff;\" target=\"_blank\" rel=\"noreferrer noopener\">Contacto<\/a>.<\/span> Esperamos colaborar con usted en la construcci\u00f3n de un futuro m\u00e1s seguro y responsable.<\/p><p>Para obtener m\u00e1s informaci\u00f3n sobre ISO45001:2018, visite el sitio web oficial de ISO: <span style=\"color: #3366ff;\"><a id=\"menur1b2\" class=\"fui-Link ___1q1shib f2hkw1w f3rmtva f1ewtqcl fyind8e f1k6fduh f1w7gpdv fk6fouc fjoy568 figsok6 f1s184ao f1mk8lai fnbmjn9 f1o700av f13mvf36 f1cmlufx f9n3di6 f1ids18y f1tx3yz7 f1deo86v f1eh06m1 f1iescvh fhgqx19 f1olyrje f1p93eir f1nev41a f1h8hb77 f1lqvz6u f10aw75t fsle3fq f17ae5zn\" style=\"color: #3366ff;\" title=\"https:\/\/www.iso.org\/standard\/63787.html\" href=\"https:\/\/www.iso.org\/standard\/63787.html\" target=\"_blank\" rel=\"noreferrer noopener\" aria-label=\"Enlace https:\/\/www.iso.org\/standard\/63787.html\">https:\/\/www.iso.org\/standard\/63787.html<\/a><\/span><\/p><p>Para m\u00e1s informaci\u00f3n sobre nuestras iniciativas de sostenibilidad <span style=\"color: #3366ff;\"><a style=\"color: #3366ff;\" href=\"https:\/\/www.anyload.com\/es\/contact\/\" target=\"_blank\" rel=\"noreferrer noopener\">Contacto<\/a><\/span>. Esperamos colaborar con usted para construir un futuro m\u00e1s sostenible.<\/p>\t\t\t\t\t\t\t\t<\/div>\n\t\t\t\t<\/div>\n\t\t\t\t\t<\/div>\n\t\t\t\t<\/div>\n\t\t\t\t<\/div>","protected":false},"excerpt":{"rendered":"<p>At ANYLOAD, we do more than create high-quality load cells and weighing systems\u2014we build them responsibly. Our ethical labor practices [&hellip;]<\/p>","protected":false},"author":4,"featured_media":0,"parent":0,"menu_order":0,"comment_status":"closed","ping_status":"closed","template":"","meta":{"_acf_changed":false,"site-sidebar-layout":"left-sidebar","site-content-layout":"","ast-site-content-layout":"default","site-content-style":"default","site-sidebar-style":"default","ast-global-header-display":"","ast-banner-title-visibility":"","ast-main-header-display":"","ast-hfb-above-header-display":"","ast-hfb-below-header-display":"","ast-hfb-mobile-header-display":"","site-post-title":"","ast-breadcrumbs-content":"","ast-featured-img":"","footer-sml-layout":"","ast-disable-related-posts":"","theme-transparent-header-meta":"","adv-header-id-meta":"","stick-header-meta":"","header-above-stick-meta":"","header-main-stick-meta":"","header-below-stick-meta":"","astra-migrate-meta-layouts":"default","ast-page-background-enabled":"default","ast-page-background-meta":{"desktop":{"background-color":"var(--ast-global-color-4)","background-image":"","background-repeat":"repeat","background-position":"center center","background-size":"auto","background-attachment":"scroll","background-type":"","background-media":"","overlay-type":"","overlay-color":"","overlay-opacity":"","overlay-gradient":""},"tablet":{"background-color":"","background-image":"","background-repeat":"repeat","background-position":"center center","background-size":"auto","background-attachment":"scroll","background-type":"","background-media":"","overlay-type":"","overlay-color":"","overlay-opacity":"","overlay-gradient":""},"mobile":{"background-color":"","background-image":"","background-repeat":"repeat","background-position":"center center","background-size":"auto","background-attachment":"scroll","background-type":"","background-media":"","overlay-type":"","overlay-color":"","overlay-opacity":"","overlay-gradient":""}},"ast-content-background-meta":{"desktop":{"background-color":"var(--ast-global-color-5)","background-image":"","background-repeat":"repeat","background-position":"center center","background-size":"auto","background-attachment":"scroll","background-type":"","background-media":"","overlay-type":"","overlay-color":"","overlay-opacity":"","overlay-gradient":""},"tablet":{"background-color":"var(--ast-global-color-5)","background-image":"","background-repeat":"repeat","background-position":"center center","background-size":"auto","background-attachment":"scroll","background-type":"","background-media":"","overlay-type":"","overlay-color":"","overlay-opacity":"","overlay-gradient":""},"mobile":{"background-color":"var(--ast-global-color-5)","background-image":"","background-repeat":"repeat","background-position":"center center","background-size":"auto","background-attachment":"scroll","background-type":"","background-media":"","overlay-type":"","overlay-color":"","overlay-opacity":"","overlay-gradient":""}},"footnotes":""},"class_list":["post-20629","page","type-page","status-publish","hentry"],"acf":[],"_links":{"self":[{"href":"https:\/\/www.anyload.com\/es\/wp-json\/wp\/v2\/pages\/20629","targetHints":{"allow":["GET"]}}],"collection":[{"href":"https:\/\/www.anyload.com\/es\/wp-json\/wp\/v2\/pages"}],"about":[{"href":"https:\/\/www.anyload.com\/es\/wp-json\/wp\/v2\/types\/page"}],"author":[{"embeddable":true,"href":"https:\/\/www.anyload.com\/es\/wp-json\/wp\/v2\/users\/4"}],"replies":[{"embeddable":true,"href":"https:\/\/www.anyload.com\/es\/wp-json\/wp\/v2\/comments?post=20629"}],"version-history":[{"count":0,"href":"https:\/\/www.anyload.com\/es\/wp-json\/wp\/v2\/pages\/20629\/revisions"}],"wp:attachment":[{"href":"https:\/\/www.anyload.com\/es\/wp-json\/wp\/v2\/media?parent=20629"}],"curies":[{"name":"wp","href":"https:\/\/api.w.org\/{rel}","templated":true}]}}