{"id":16,"date":"2022-10-18T12:14:05","date_gmt":"2022-10-18T19:14:05","guid":{"rendered":"http:\/\/anyloadgroup.com\/?page_id=16"},"modified":"2026-01-06T15:53:26","modified_gmt":"2026-01-06T23:53:26","slug":"approvals","status":"publish","type":"page","link":"https:\/\/www.anyload.com\/es\/approvals\/","title":{"rendered":"Homologaciones"},"content":{"rendered":"<div data-elementor-type=\"wp-page\" data-elementor-id=\"16\" class=\"elementor elementor-16\" data-elementor-post-type=\"page\">\n\t\t\t\t<div class=\"elementor-element elementor-element-8bd495b e-flex e-con-boxed e-con e-parent\" data-id=\"8bd495b\" data-element_type=\"container\" data-e-type=\"container\">\n\t\t\t\t\t<div class=\"e-con-inner\">\n\t\t\t\t<div class=\"elementor-element elementor-element-35c8802 elementor-widget elementor-widget-text-editor\" data-id=\"35c8802\" data-element_type=\"widget\" data-e-type=\"widget\" data-widget_type=\"text-editor.default\">\n\t\t\t\t<div class=\"elementor-widget-container\">\n\t\t\t\t\t\t\t\t\t<p><span class=\"ui-provider a b c d e f g h i j k l m n o p q r s t u v w x y z ab ac ae af ag ah ai aj ak\" dir=\"ltr\">Como empresa certificada ISO 9001 y VCAP, nos dedicamos a mantener los requisitos internacionales m\u00e1s exigentes en materia de pr\u00e1cticas medioambientales y de seguridad.  ANYLOAD es titular de numerosas patentes sobre dise\u00f1os de c\u00e9lulas de carga, as\u00ed como de certificados internacionales de conformidad, como la Conferencia Nacional de Pesos y Medidas (NTEP), la Organizaci\u00f3n Internacional de Metrolog\u00eda Legal (OIML), Measurement Canada (MC), Restricci\u00f3n de Sustancias Peligrosas (RoHS), Directiva ATEX 2014\/34\/UE (ATEX), Aprobaci\u00f3n FM de EE. UU. y Canad\u00e1 (FM), Conformit\u00e9 Europ\u00e9enne (CE), Sistema de la Comisi\u00f3n Electrot\u00e9cnica Internacional para la Certificaci\u00f3n de Normas relativas a Equipos para Uso en Atm\u00f3sferas Explosivas (Sistema IECEx).\u00a0<\/span><\/p>\t\t\t\t\t\t\t\t<\/div>\n\t\t\t\t<\/div>\n\t\t\t\t\t<\/div>\n\t\t\t\t<\/div>\n\t\t<div class=\"elementor-element elementor-element-b78d885 e-flex e-con-boxed e-con e-parent\" data-id=\"b78d885\" data-element_type=\"container\" data-e-type=\"container\">\n\t\t\t\t\t<div class=\"e-con-inner\">\n\t\t<div class=\"elementor-element elementor-element-0eafc07 e-con-full e-flex e-con e-child\" data-id=\"0eafc07\" data-element_type=\"container\" data-e-type=\"container\">\n\t\t\t\t<div class=\"elementor-element elementor-element-8afbfc7 elementor-position-left elementor-position-left elementor-vertical-align-middle elementor-widget elementor-widget-image-box\" data-id=\"8afbfc7\" data-element_type=\"widget\" data-e-type=\"widget\" data-widget_type=\"image-box.default\">\n\t\t\t\t<div class=\"elementor-widget-container\">\n\t\t\t\t\t<div class=\"elementor-image-box-wrapper\"><figure class=\"elementor-image-box-img\"><a href=\"\/es\/approvals\/national-conference-on-weights-and-measures\/\" tabindex=\"-1\"><img decoding=\"async\" width=\"150\" height=\"150\" src=\"https:\/\/www.anyload.com\/wp-content\/uploads\/2025\/11\/NTEP-150x150.webp\" class=\"attachment-thumbnail size-thumbnail wp-image-40441\" alt=\"\" srcset=\"https:\/\/www.anyload.com\/wp-content\/uploads\/2025\/11\/NTEP-150x150.webp 150w, https:\/\/www.anyload.com\/wp-content\/uploads\/2025\/11\/NTEP-12x12.webp 12w, https:\/\/www.anyload.com\/wp-content\/uploads\/2025\/11\/NTEP-100x100.webp 100w, https:\/\/www.anyload.com\/wp-content\/uploads\/2025\/11\/NTEP.webp 300w\" sizes=\"(max-width: 150px) 100vw, 150px\" \/><\/a><\/figure><div class=\"elementor-image-box-content\"><h3 class=\"elementor-image-box-title\"><a href=\"\/es\/approvals\/national-conference-on-weights-and-measures\/\">Conferencia Nacional de Pesos y Medidas<\/a><\/h3><\/div><\/div>\t\t\t\t<\/div>\n\t\t\t\t<\/div>\n\t\t\t\t<div class=\"elementor-element elementor-element-dddd860 elementor-position-left elementor-vertical-align-middle elementor-widget elementor-widget-image-box\" data-id=\"dddd860\" data-element_type=\"widget\" data-e-type=\"widget\" data-widget_type=\"image-box.default\">\n\t\t\t\t<div class=\"elementor-widget-container\">\n\t\t\t\t\t<div class=\"elementor-image-box-wrapper\"><figure class=\"elementor-image-box-img\"><a href=\"\/es\/approvals\/international-organization-of-legal-meteorology\/\" tabindex=\"-1\"><img fetchpriority=\"high\" decoding=\"async\" width=\"300\" height=\"300\" src=\"https:\/\/www.anyload.com\/wp-content\/uploads\/2025\/11\/OIML.webp\" class=\"attachment-full size-full wp-image-40440\" alt=\"\" srcset=\"https:\/\/www.anyload.com\/wp-content\/uploads\/2025\/11\/OIML.webp 300w, https:\/\/www.anyload.com\/wp-content\/uploads\/2025\/11\/OIML-150x150.webp 150w, https:\/\/www.anyload.com\/wp-content\/uploads\/2025\/11\/OIML-12x12.webp 12w, https:\/\/www.anyload.com\/wp-content\/uploads\/2025\/11\/OIML-100x100.webp 100w\" sizes=\"(max-width: 300px) 100vw, 300px\" \/><\/a><\/figure><div class=\"elementor-image-box-content\"><h3 class=\"elementor-image-box-title\"><a href=\"\/es\/approvals\/international-organization-of-legal-meteorology\/\">Organizaci\u00f3n Internacional de Metrolog\u00eda Legal<\/a><\/h3><\/div><\/div>\t\t\t\t<\/div>\n\t\t\t\t<\/div>\n\t\t\t\t<div class=\"elementor-element elementor-element-294658b elementor-position-left elementor-vertical-align-middle elementor-widget elementor-widget-image-box\" data-id=\"294658b\" data-element_type=\"widget\" data-e-type=\"widget\" data-widget_type=\"image-box.default\">\n\t\t\t\t<div class=\"elementor-widget-container\">\n\t\t\t\t\t<div class=\"elementor-image-box-wrapper\"><figure class=\"elementor-image-box-img\"><a href=\"\/es\/approvals\/measurement-canada\/\" tabindex=\"-1\"><img decoding=\"async\" width=\"300\" height=\"300\" src=\"https:\/\/www.anyload.com\/wp-content\/uploads\/2025\/11\/Measurement-Canada.webp\" class=\"attachment-full size-full wp-image-40442\" alt=\"\" srcset=\"https:\/\/www.anyload.com\/wp-content\/uploads\/2025\/11\/Measurement-Canada.webp 300w, https:\/\/www.anyload.com\/wp-content\/uploads\/2025\/11\/Measurement-Canada-150x150.webp 150w, https:\/\/www.anyload.com\/wp-content\/uploads\/2025\/11\/Measurement-Canada-12x12.webp 12w, https:\/\/www.anyload.com\/wp-content\/uploads\/2025\/11\/Measurement-Canada-100x100.webp 100w\" sizes=\"(max-width: 300px) 100vw, 300px\" \/><\/a><\/figure><div class=\"elementor-image-box-content\"><h3 class=\"elementor-image-box-title\"><a href=\"\/es\/approvals\/measurement-canada\/\">Medidas Canad\u00e1<\/a><\/h3><\/div><\/div>\t\t\t\t<\/div>\n\t\t\t\t<\/div>\n\t\t\t\t<div class=\"elementor-element elementor-element-68d6f72 elementor-position-left elementor-vertical-align-middle elementor-widget elementor-widget-image-box\" data-id=\"68d6f72\" data-element_type=\"widget\" data-e-type=\"widget\" data-widget_type=\"image-box.default\">\n\t\t\t\t<div class=\"elementor-widget-container\">\n\t\t\t\t\t<div class=\"elementor-image-box-wrapper\"><figure class=\"elementor-image-box-img\"><a href=\"\/es\/approvals\/international-organization-for-standardization\/\" tabindex=\"-1\"><img loading=\"lazy\" decoding=\"async\" width=\"300\" height=\"300\" src=\"https:\/\/www.anyload.com\/wp-content\/uploads\/2025\/11\/ISO.webp\" class=\"attachment-full size-full wp-image-40443\" alt=\"\" srcset=\"https:\/\/www.anyload.com\/wp-content\/uploads\/2025\/11\/ISO.webp 300w, https:\/\/www.anyload.com\/wp-content\/uploads\/2025\/11\/ISO-150x150.webp 150w, https:\/\/www.anyload.com\/wp-content\/uploads\/2025\/11\/ISO-12x12.webp 12w, https:\/\/www.anyload.com\/wp-content\/uploads\/2025\/11\/ISO-100x100.webp 100w\" sizes=\"(max-width: 300px) 100vw, 300px\" \/><\/a><\/figure><div class=\"elementor-image-box-content\"><h3 class=\"elementor-image-box-title\"><a href=\"\/es\/approvals\/international-organization-for-standardization\/\">Organizaci\u00f3n Internacional de Normalizaci\u00f3n<\/a><\/h3><\/div><\/div>\t\t\t\t<\/div>\n\t\t\t\t<\/div>\n\t\t\t\t<div class=\"elementor-element elementor-element-b8293a8 elementor-position-left elementor-vertical-align-middle elementor-widget elementor-widget-image-box\" data-id=\"b8293a8\" data-element_type=\"widget\" data-e-type=\"widget\" data-widget_type=\"image-box.default\">\n\t\t\t\t<div class=\"elementor-widget-container\">\n\t\t\t\t\t<div class=\"elementor-image-box-wrapper\"><figure class=\"elementor-image-box-img\"><a href=\"\/es\/approvals\/conformite-europeenne\/\" tabindex=\"-1\"><img loading=\"lazy\" decoding=\"async\" width=\"300\" height=\"300\" src=\"https:\/\/www.anyload.com\/wp-content\/uploads\/2025\/11\/CE.webp\" class=\"attachment-full size-full wp-image-40449\" alt=\"\" srcset=\"https:\/\/www.anyload.com\/wp-content\/uploads\/2025\/11\/CE.webp 300w, https:\/\/www.anyload.com\/wp-content\/uploads\/2025\/11\/CE-150x150.webp 150w, https:\/\/www.anyload.com\/wp-content\/uploads\/2025\/11\/CE-12x12.webp 12w, https:\/\/www.anyload.com\/wp-content\/uploads\/2025\/11\/CE-100x100.webp 100w\" sizes=\"(max-width: 300px) 100vw, 300px\" \/><\/a><\/figure><div class=\"elementor-image-box-content\"><h3 class=\"elementor-image-box-title\"><a href=\"\/es\/approvals\/conformite-europeenne\/\">Conformidad europea<\/a><\/h3><\/div><\/div>\t\t\t\t<\/div>\n\t\t\t\t<\/div>\n\t\t\t\t<div class=\"elementor-element elementor-element-d558271 elementor-position-left elementor-vertical-align-middle elementor-widget elementor-widget-image-box\" data-id=\"d558271\" data-element_type=\"widget\" data-e-type=\"widget\" data-widget_type=\"image-box.default\">\n\t\t\t\t<div class=\"elementor-widget-container\">\n\t\t\t\t\t<div class=\"elementor-image-box-wrapper\"><figure class=\"elementor-image-box-img\"><a href=\"\/es\/approvals\/national-electronics-product-stewardship-initiative\/\" tabindex=\"-1\"><img loading=\"lazy\" decoding=\"async\" width=\"300\" height=\"300\" src=\"https:\/\/www.anyload.com\/wp-content\/uploads\/2025\/11\/NEPSI.webp\" class=\"attachment-full size-full wp-image-40444\" alt=\"\" srcset=\"https:\/\/www.anyload.com\/wp-content\/uploads\/2025\/11\/NEPSI.webp 300w, https:\/\/www.anyload.com\/wp-content\/uploads\/2025\/11\/NEPSI-150x150.webp 150w, https:\/\/www.anyload.com\/wp-content\/uploads\/2025\/11\/NEPSI-12x12.webp 12w, https:\/\/www.anyload.com\/wp-content\/uploads\/2025\/11\/NEPSI-100x100.webp 100w\" sizes=\"(max-width: 300px) 100vw, 300px\" \/><\/a><\/figure><div class=\"elementor-image-box-content\"><h3 class=\"elementor-image-box-title\"><a href=\"\/es\/approvals\/national-electronics-product-stewardship-initiative\/\">NEPSI<\/a><\/h3><\/div><\/div>\t\t\t\t<\/div>\n\t\t\t\t<\/div>\n\t\t\t\t<\/div>\n\t\t<div class=\"elementor-element elementor-element-09bc9f6 e-con-full e-flex e-con e-child\" data-id=\"09bc9f6\" data-element_type=\"container\" data-e-type=\"container\">\n\t\t\t\t<div class=\"elementor-element elementor-element-5fa0f1a elementor-position-left elementor-vertical-align-middle elementor-widget elementor-widget-image-box\" data-id=\"5fa0f1a\" data-element_type=\"widget\" data-e-type=\"widget\" data-widget_type=\"image-box.default\">\n\t\t\t\t<div class=\"elementor-widget-container\">\n\t\t\t\t\t<div class=\"elementor-image-box-wrapper\"><figure class=\"elementor-image-box-img\"><a href=\"\/es\/approvals\/fm\/\" tabindex=\"-1\"><img loading=\"lazy\" decoding=\"async\" width=\"300\" height=\"300\" src=\"https:\/\/www.anyload.com\/wp-content\/uploads\/2025\/11\/FM.webp\" class=\"attachment-full size-full wp-image-40445\" alt=\"\" srcset=\"https:\/\/www.anyload.com\/wp-content\/uploads\/2025\/11\/FM.webp 300w, https:\/\/www.anyload.com\/wp-content\/uploads\/2025\/11\/FM-150x150.webp 150w, https:\/\/www.anyload.com\/wp-content\/uploads\/2025\/11\/FM-12x12.webp 12w, https:\/\/www.anyload.com\/wp-content\/uploads\/2025\/11\/FM-100x100.webp 100w\" sizes=\"(max-width: 300px) 100vw, 300px\" \/><\/a><\/figure><div class=\"elementor-image-box-content\"><h3 class=\"elementor-image-box-title\"><a href=\"\/es\/approvals\/fm\/\">FM<\/a><\/h3><\/div><\/div>\t\t\t\t<\/div>\n\t\t\t\t<\/div>\n\t\t\t\t<div class=\"elementor-element elementor-element-3d28793 elementor-position-left elementor-vertical-align-middle elementor-widget elementor-widget-image-box\" data-id=\"3d28793\" data-element_type=\"widget\" data-e-type=\"widget\" data-widget_type=\"image-box.default\">\n\t\t\t\t<div class=\"elementor-widget-container\">\n\t\t\t\t\t<div class=\"elementor-image-box-wrapper\"><figure class=\"elementor-image-box-img\"><a href=\"\/es\/approvals\/atex\/\" tabindex=\"-1\"><img loading=\"lazy\" decoding=\"async\" width=\"300\" height=\"300\" src=\"https:\/\/www.anyload.com\/wp-content\/uploads\/2025\/11\/EX-ATEX.webp\" class=\"attachment-full size-full wp-image-40446\" alt=\"\" srcset=\"https:\/\/www.anyload.com\/wp-content\/uploads\/2025\/11\/EX-ATEX.webp 300w, https:\/\/www.anyload.com\/wp-content\/uploads\/2025\/11\/EX-ATEX-150x150.webp 150w, https:\/\/www.anyload.com\/wp-content\/uploads\/2025\/11\/EX-ATEX-12x12.webp 12w, https:\/\/www.anyload.com\/wp-content\/uploads\/2025\/11\/EX-ATEX-100x100.webp 100w\" sizes=\"(max-width: 300px) 100vw, 300px\" \/><\/a><\/figure><div class=\"elementor-image-box-content\"><h3 class=\"elementor-image-box-title\"><a href=\"\/es\/approvals\/atex\/\">Aprobaci\u00f3n ATEX<\/a><\/h3><\/div><\/div>\t\t\t\t<\/div>\n\t\t\t\t<\/div>\n\t\t\t\t<div class=\"elementor-element elementor-element-7f526a4 elementor-position-left elementor-vertical-align-middle elementor-widget elementor-widget-image-box\" data-id=\"7f526a4\" data-element_type=\"widget\" data-e-type=\"widget\" data-widget_type=\"image-box.default\">\n\t\t\t\t<div class=\"elementor-widget-container\">\n\t\t\t\t\t<div class=\"elementor-image-box-wrapper\"><figure class=\"elementor-image-box-img\"><a href=\"\/es\/approvals\/restriction-of-hazardous-substances-directive\/\" tabindex=\"-1\"><img loading=\"lazy\" decoding=\"async\" width=\"300\" height=\"300\" src=\"https:\/\/www.anyload.com\/wp-content\/uploads\/2025\/11\/ROHS.webp\" class=\"attachment-full size-full wp-image-40447\" alt=\"\" srcset=\"https:\/\/www.anyload.com\/wp-content\/uploads\/2025\/11\/ROHS.webp 300w, https:\/\/www.anyload.com\/wp-content\/uploads\/2025\/11\/ROHS-150x150.webp 150w, https:\/\/www.anyload.com\/wp-content\/uploads\/2025\/11\/ROHS-12x12.webp 12w, https:\/\/www.anyload.com\/wp-content\/uploads\/2025\/11\/ROHS-100x100.webp 100w\" sizes=\"(max-width: 300px) 100vw, 300px\" \/><\/a><\/figure><div class=\"elementor-image-box-content\"><h3 class=\"elementor-image-box-title\"><a href=\"\/es\/approvals\/restriction-of-hazardous-substances-directive\/\">Directiva sobre restricci\u00f3n de sustancias peligrosas<\/a><\/h3><\/div><\/div>\t\t\t\t<\/div>\n\t\t\t\t<\/div>\n\t\t\t\t<div class=\"elementor-element elementor-element-ee7f2e0 elementor-position-left elementor-vertical-align-middle elementor-widget elementor-widget-image-box\" data-id=\"ee7f2e0\" data-element_type=\"widget\" data-e-type=\"widget\" data-widget_type=\"image-box.default\">\n\t\t\t\t<div class=\"elementor-widget-container\">\n\t\t\t\t\t<div class=\"elementor-image-box-wrapper\"><figure class=\"elementor-image-box-img\"><a href=\"https:\/\/www.anyload.com\/wp-content\/uploads\/2025\/04\/ANYLOAD-REACH-247-Statement-2025.1.21.pdf\" tabindex=\"-1\"><img loading=\"lazy\" decoding=\"async\" width=\"792\" height=\"307\" src=\"https:\/\/www.anyload.com\/wp-content\/uploads\/2024\/01\/REACH563-Statement.jpg\" class=\"attachment-large size-large wp-image-25688\" alt=\"\" srcset=\"https:\/\/www.anyload.com\/wp-content\/uploads\/2024\/01\/REACH563-Statement.jpg 792w, https:\/\/www.anyload.com\/wp-content\/uploads\/2024\/01\/REACH563-Statement-450x174.jpg 450w, https:\/\/www.anyload.com\/wp-content\/uploads\/2024\/01\/REACH563-Statement-768x298.jpg 768w, https:\/\/www.anyload.com\/wp-content\/uploads\/2024\/01\/REACH563-Statement-500x194.jpg 500w\" sizes=\"(max-width: 792px) 100vw, 792px\" \/><\/a><\/figure><div class=\"elementor-image-box-content\"><h3 class=\"elementor-image-box-title\"><a href=\"https:\/\/www.anyload.com\/wp-content\/uploads\/2025\/04\/ANYLOAD-REACH-247-Statement-2025.1.21.pdf\">Declaraci\u00f3n Reach<\/a><\/h3><\/div><\/div>\t\t\t\t<\/div>\n\t\t\t\t<\/div>\n\t\t\t\t<div class=\"elementor-element elementor-element-7a534ec elementor-position-left elementor-vertical-align-middle elementor-widget elementor-widget-image-box\" data-id=\"7a534ec\" data-element_type=\"widget\" data-e-type=\"widget\" data-widget_type=\"image-box.default\">\n\t\t\t\t<div class=\"elementor-widget-container\">\n\t\t\t\t\t<div class=\"elementor-image-box-wrapper\"><figure class=\"elementor-image-box-img\"><a href=\"https:\/\/www.anyload.com\/es\/approvals\/national-measurement-institute-australia\/\" tabindex=\"-1\"><img loading=\"lazy\" decoding=\"async\" width=\"300\" height=\"300\" src=\"https:\/\/www.anyload.com\/wp-content\/uploads\/2025\/11\/NMI-3.webp\" class=\"attachment-2048x2048 size-2048x2048 wp-image-40448\" alt=\"\" srcset=\"https:\/\/www.anyload.com\/wp-content\/uploads\/2025\/11\/NMI-3.webp 300w, https:\/\/www.anyload.com\/wp-content\/uploads\/2025\/11\/NMI-3-150x150.webp 150w, https:\/\/www.anyload.com\/wp-content\/uploads\/2025\/11\/NMI-3-12x12.webp 12w, https:\/\/www.anyload.com\/wp-content\/uploads\/2025\/11\/NMI-3-100x100.webp 100w\" sizes=\"(max-width: 300px) 100vw, 300px\" \/><\/a><\/figure><div class=\"elementor-image-box-content\"><h3 class=\"elementor-image-box-title\"><a href=\"https:\/\/www.anyload.com\/es\/approvals\/national-measurement-institute-australia\/\">El Instituto Nacional de Medici\u00f3n (NMI) de Australia<\/a><\/h3><\/div><\/div>\t\t\t\t<\/div>\n\t\t\t\t<\/div>\n\t\t\t\t<\/div>\n\t\t\t\t\t<\/div>\n\t\t\t\t<\/div>\n\t\t\t\t<\/div>","protected":false},"excerpt":{"rendered":"<p>As an ISO 9001 and\u00a0VCAP\u00a0certified company, we are dedicated to upholding the highest international requirements for environmental and safety practices.\u00a0 [&hellip;]<\/p>","protected":false},"author":88,"featured_media":0,"parent":0,"menu_order":5,"comment_status":"closed","ping_status":"closed","template":"","meta":{"_acf_changed":false,"site-sidebar-layout":"left-sidebar","site-content-layout":"","ast-site-content-layout":"default","site-content-style":"default","site-sidebar-style":"default","ast-global-header-display":"","ast-banner-title-visibility":"","ast-main-header-display":"","ast-hfb-above-header-display":"","ast-hfb-below-header-display":"","ast-hfb-mobile-header-display":"","site-post-title":"","ast-breadcrumbs-content":"","ast-featured-img":"","footer-sml-layout":"","ast-disable-related-posts":"","theme-transparent-header-meta":"","adv-header-id-meta":"","stick-header-meta":"","header-above-stick-meta":"","header-main-stick-meta":"","header-below-stick-meta":"","astra-migrate-meta-layouts":"default","ast-page-background-enabled":"default","ast-page-background-meta":{"desktop":{"background-color":"var(--ast-global-color-4)","background-image":"","background-repeat":"repeat","background-position":"center center","background-size":"auto","background-attachment":"scroll","background-type":"","background-media":"","overlay-type":"","overlay-color":"","overlay-opacity":"","overlay-gradient":""},"tablet":{"background-color":"","background-image":"","background-repeat":"repeat","background-position":"center center","background-size":"auto","background-attachment":"scroll","background-type":"","background-media":"","overlay-type":"","overlay-color":"","overlay-opacity":"","overlay-gradient":""},"mobile":{"background-color":"","background-image":"","background-repeat":"repeat","background-position":"center center","background-size":"auto","background-attachment":"scroll","background-type":"","background-media":"","overlay-type":"","overlay-color":"","overlay-opacity":"","overlay-gradient":""}},"ast-content-background-meta":{"desktop":{"background-color":"var(--ast-global-color-5)","background-image":"","background-repeat":"repeat","background-position":"center center","background-size":"auto","background-attachment":"scroll","background-type":"","background-media":"","overlay-type":"","overlay-color":"","overlay-opacity":"","overlay-gradient":""},"tablet":{"background-color":"var(--ast-global-color-5)","background-image":"","background-repeat":"repeat","background-position":"center center","background-size":"auto","background-attachment":"scroll","background-type":"","background-media":"","overlay-type":"","overlay-color":"","overlay-opacity":"","overlay-gradient":""},"mobile":{"background-color":"var(--ast-global-color-5)","background-image":"","background-repeat":"repeat","background-position":"center center","background-size":"auto","background-attachment":"scroll","background-type":"","background-media":"","overlay-type":"","overlay-color":"","overlay-opacity":"","overlay-gradient":""}},"footnotes":""},"class_list":["post-16","page","type-page","status-publish","hentry"],"acf":[],"_links":{"self":[{"href":"https:\/\/www.anyload.com\/es\/wp-json\/wp\/v2\/pages\/16","targetHints":{"allow":["GET"]}}],"collection":[{"href":"https:\/\/www.anyload.com\/es\/wp-json\/wp\/v2\/pages"}],"about":[{"href":"https:\/\/www.anyload.com\/es\/wp-json\/wp\/v2\/types\/page"}],"author":[{"embeddable":true,"href":"https:\/\/www.anyload.com\/es\/wp-json\/wp\/v2\/users\/88"}],"replies":[{"embeddable":true,"href":"https:\/\/www.anyload.com\/es\/wp-json\/wp\/v2\/comments?post=16"}],"version-history":[{"count":15,"href":"https:\/\/www.anyload.com\/es\/wp-json\/wp\/v2\/pages\/16\/revisions"}],"predecessor-version":[{"id":41953,"href":"https:\/\/www.anyload.com\/es\/wp-json\/wp\/v2\/pages\/16\/revisions\/41953"}],"wp:attachment":[{"href":"https:\/\/www.anyload.com\/es\/wp-json\/wp\/v2\/media?parent=16"}],"curies":[{"name":"wp","href":"https:\/\/api.w.org\/{rel}","templated":true}]}}